{"id":30,"date":"2023-07-15T21:06:24","date_gmt":"2023-07-15T21:06:24","guid":{"rendered":"https:\/\/alojamientosroquetasplaya.com\/index.php\/trip-types\/"},"modified":"2024-06-17T12:24:38","modified_gmt":"2024-06-17T12:24:38","slug":"clima","status":"publish","type":"page","link":"https:\/\/alojamientosroquetasplaya.com\/index.php\/clima\/","title":{"rendered":"El clima de Aguadulce"},"content":{"rendered":"<div data-colibri-id=\"30-c1\" class=\"style-359 style-local-30-c1 position-relative\">\n  <!---->\n  <div data-colibri-component=\"section\" data-colibri-id=\"30-c2\" id=\"custom\" class=\"h-section h-section-global-spacing d-flex align-items-lg-center align-items-md-center align-items-center style-360 style-local-30-c2 position-relative\">\n    <!---->\n    <!---->\n    <div class=\"h-section-grid-container h-section-boxed-container\">\n      <!---->\n      <div data-colibri-id=\"30-c3\" class=\"h-row-container gutters-row-lg-2 gutters-row-md-2 gutters-row-0 gutters-row-v-lg-2 gutters-row-v-md-2 gutters-row-v-2 style-361 style-local-30-c3 position-relative\">\n        <!---->\n        <div class=\"h-row justify-content-lg-center justify-content-md-center justify-content-center align-items-lg-stretch align-items-md-stretch align-items-stretch gutters-col-lg-2 gutters-col-md-2 gutters-col-0 gutters-col-v-lg-2 gutters-col-v-md-2 gutters-col-v-2\">\n          <!---->\n          <div class=\"h-column h-column-container d-flex h-col-lg-auto h-col-md-auto h-col-auto style-362-outer style-local-30-c4-outer\">\n            <div data-colibri-id=\"30-c4\" class=\"d-flex h-flex-basis h-column__inner h-px-lg-2 h-px-md-2 h-px-2 v-inner-lg-2 v-inner-md-2 v-inner-2 style-362 style-local-30-c4 position-relative\">\n              <!---->\n              <!---->\n              <div class=\"w-100 h-y-container h-column__content h-column__v-align flex-basis-100 align-self-lg-start align-self-md-start align-self-start\">\n                <!---->\n                <div data-colibri-id=\"30-c6\" class=\"d-block style-364 style-local-30-c6 position-relative h-element\">\n                  <!---->\n                  <div class=\"h-image__frame-container-outer\">\n                    <div class=\"h-image__frame-container\">\n                      <!---->\n                      <!---->\n                      <img loading=\"lazy\" decoding=\"async\" width=\"2400\" height=\"1800\" src=\"https:\/\/alojamientosroquetasplaya.com\/wp-content\/uploads\/2024\/06\/P00919-102227.jpg\" class=\"wp-image-203 style-364-image style-local-30-c6-image\" alt=\"\" srcset=\"https:\/\/alojamientosroquetasplaya.com\/wp-content\/uploads\/2024\/06\/P00919-102227.jpg 2400w, https:\/\/alojamientosroquetasplaya.com\/wp-content\/uploads\/2024\/06\/P00919-102227-300x225.jpg 300w, https:\/\/alojamientosroquetasplaya.com\/wp-content\/uploads\/2024\/06\/P00919-102227-1024x768.jpg 1024w, https:\/\/alojamientosroquetasplaya.com\/wp-content\/uploads\/2024\/06\/P00919-102227-768x576.jpg 768w, https:\/\/alojamientosroquetasplaya.com\/wp-content\/uploads\/2024\/06\/P00919-102227-1536x1152.jpg 1536w, https:\/\/alojamientosroquetasplaya.com\/wp-content\/uploads\/2024\/06\/P00919-102227-2048x1536.jpg 2048w, https:\/\/alojamientosroquetasplaya.com\/wp-content\/uploads\/2024\/06\/P00919-102227-600x450.jpg 600w\" sizes=\"auto, (max-width: 2400px) 100vw, 2400px\" \/>\n                      <div class=\"h-image__frame h-hide-lg h-hide-md h-hide-sm style-364-frameImage style-local-30-c6-frameImage\"><\/div>\n                    <\/div>\n                  <\/div>\n                <\/div>\n              <\/div>\n            <\/div>\n          <\/div>\n          <div class=\"h-column h-column-container d-flex h-col-lg-auto h-col-md-auto h-col-auto style-363-outer style-local-30-c5-outer\">\n            <div data-colibri-id=\"30-c5\" class=\"d-flex h-flex-basis h-column__inner h-px-lg-2 h-px-md-2 h-px-2 v-inner-lg-2 v-inner-md-2 v-inner-2 style-363 style-local-30-c5 position-relative\">\n              <!---->\n              <!---->\n              <div class=\"w-100 h-y-container h-column__content h-column__v-align flex-basis-100 align-self-lg-start align-self-md-start align-self-start\">\n                <!---->\n                <div data-colibri-id=\"30-c7\" class=\"h-text h-text-component style-365 style-local-30-c7 position-relative h-element\">\n                  <!---->\n                  <!---->\n                  <div class=\"\">\n                    <p>Entre la costa tropical y la costa de Almer\u00eda se encuentra la franja con el clima m\u00e1s templado de Europa, un clima muy parecido al tropical, que permite disfrutar de la naturaleza durante todo el a\u00f1o, con temperaturas de 20 grados\n                      incluso en invierno.<\/p>\n                    <p>Las condiciones climatol\u00f3gicas en esta franja de costa tropical y almeriense permiten el cultivo de especies que no crecen en ninguna otra parte del continente, como el aguacate, el mango, la chirimoya, la papaya o la ca\u00f1a de az\u00facar.<\/p>\n                    <p><span style=\"font-weight: 400; font-size: 16px; font-family: &quot;Open Sans&quot;; color: rgb(70, 112, 127);\">En particular, la costa de Almer\u00eda comprendida entre Roquetas de Mar y Almer\u00eda no ha registrado heladas en todo el hist\u00f3rico desde que hay datos. Aparte, las pocas precipitaciones y ser la zona con m\u00e1s horas de sol hacen de esta costa el sitio ideal para disfrutar de la playa.<\/span><\/p>\n                  <\/div>\n                <\/div>\n              <\/div>\n            <\/div>\n          <\/div>\n        <\/div>\n      <\/div>\n    <\/div>\n  <\/div>\n  <div data-colibri-component=\"section\" data-colibri-id=\"30-c8\" id=\"custom-2\" class=\"h-section h-section-global-spacing d-flex align-items-lg-center align-items-md-center align-items-center style-366 style-local-30-c8 position-relative\">\n    <!---->\n    <!---->\n    <div class=\"h-section-grid-container h-section-boxed-container\">\n      <!---->\n      <div data-colibri-id=\"30-c9\" class=\"h-row-container gutters-row-lg-2 gutters-row-md-2 gutters-row-0 gutters-row-v-lg-2 gutters-row-v-md-2 gutters-row-v-2 style-367 style-local-30-c9 position-relative\">\n        <!---->\n        <div class=\"h-row justify-content-lg-center justify-content-md-center justify-content-center align-items-lg-stretch align-items-md-stretch align-items-stretch gutters-col-lg-2 gutters-col-md-2 gutters-col-0 gutters-col-v-lg-2 gutters-col-v-md-2 gutters-col-v-2\">\n          <!---->\n          <div class=\"h-column h-column-container d-flex h-col-lg-auto h-col-md-auto h-col-auto style-368-outer style-local-30-c10-outer\">\n            <div data-colibri-id=\"30-c10\" class=\"d-flex h-flex-basis h-column__inner h-px-lg-2 h-px-md-2 h-px-2 v-inner-lg-2 v-inner-md-2 v-inner-2 style-368 style-local-30-c10 position-relative\">\n              <!---->\n              <!---->\n              <div class=\"w-100 h-y-container h-column__content h-column__v-align flex-basis-100 align-self-lg-start align-self-md-start align-self-start\">\n                <!---->\n                <div data-colibri-id=\"30-c13\" class=\"h-text h-text-component style-371 style-local-30-c13 position-relative h-element\">\n                  <!---->\n                  <!---->\n                  <div class=\"\">\n                    <p>El clima de aguadulce es similar al de Perth (Australia), R\u00edo Branco (Uruguay), y ligeramente m\u00e1s c\u00e1lido que Buenos Aires (Brasil)<\/p>\n                    <p>Aunque en cantidad de horas de sol y precipitaciones s\u00f3lo la ciudad de Perth es comparable: Aguadulce (y todo Roquetas de Mar), de hecho, cuenta con m\u00e1s de 300 d\u00edas de sol al a\u00f1o, y m\u00e1s de 3.000 horas de sol, superando as\u00ed las playas\n                      de Malta como las m\u00e1s soleadas de Europa. Nada que ver con las menos de 1.600 horas de sol de Londres o Berl\u00edn, o menos de las de 2.000 del norte de Espa\u00f1a, o incluso las 2.500 de Barcelona.<\/p>\n                    <p>No es casualidad que Almer\u00eda sea la huerta de Europa. De hecho, Es la zona productora de frutas y hortalizas m\u00e1s importante del mundo.<\/p>\n                  <\/div>\n                <\/div>\n              <\/div>\n            <\/div>\n          <\/div>\n          <div class=\"h-column h-column-container d-flex h-col-lg-auto h-col-md-auto h-col-auto style-369-outer style-local-30-c11-outer\">\n            <div data-colibri-id=\"30-c11\" class=\"d-flex h-flex-basis h-column__inner h-px-lg-2 h-px-md-2 h-px-2 v-inner-lg-2 v-inner-md-2 v-inner-2 style-369 style-local-30-c11 position-relative\">\n              <!---->\n              <!---->\n              <div class=\"w-100 h-y-container h-column__content h-column__v-align flex-basis-100 align-self-lg-start align-self-md-start align-self-start\">\n                <!---->\n                <div data-colibri-id=\"30-c12\" class=\"d-block style-370 style-local-30-c12 position-relative h-element\">\n                  <!---->\n                  <div class=\"h-image__frame-container-outer\">\n                    <div class=\"h-image__frame-container\">\n                      <!---->\n                      <!---->\n                      <img loading=\"lazy\" decoding=\"async\" width=\"2312\" height=\"1734\" src=\"https:\/\/alojamientosroquetasplaya.com\/wp-content\/uploads\/2024\/06\/20221009_083558.jpg\" class=\"wp-image-204 style-370-image style-local-30-c12-image\" alt=\"\" srcset=\"https:\/\/alojamientosroquetasplaya.com\/wp-content\/uploads\/2024\/06\/20221009_083558.jpg 2312w, https:\/\/alojamientosroquetasplaya.com\/wp-content\/uploads\/2024\/06\/20221009_083558-300x225.jpg 300w, https:\/\/alojamientosroquetasplaya.com\/wp-content\/uploads\/2024\/06\/20221009_083558-1024x768.jpg 1024w, https:\/\/alojamientosroquetasplaya.com\/wp-content\/uploads\/2024\/06\/20221009_083558-768x576.jpg 768w, https:\/\/alojamientosroquetasplaya.com\/wp-content\/uploads\/2024\/06\/20221009_083558-1536x1152.jpg 1536w, https:\/\/alojamientosroquetasplaya.com\/wp-content\/uploads\/2024\/06\/20221009_083558-2048x1536.jpg 2048w, https:\/\/alojamientosroquetasplaya.com\/wp-content\/uploads\/2024\/06\/20221009_083558-600x450.jpg 600w\" sizes=\"auto, (max-width: 2312px) 100vw, 2312px\" \/>\n                      <div class=\"h-image__frame h-hide-lg h-hide-md h-hide-sm style-370-frameImage style-local-30-c12-frameImage\"><\/div>\n                    <\/div>\n                  <\/div>\n                <\/div>\n              <\/div>\n            <\/div>\n          <\/div>\n        <\/div>\n      <\/div>\n    <\/div>\n  <\/div>\n<\/div>","protected":false},"excerpt":{"rendered":"<p>Entre la costa tropical y la costa de Almer\u00eda se encuentra la franja con el clima m\u00e1s templado de Europa, un clima muy parecido al tropical, que permite disfrutar de la naturaleza durante todo el a\u00f1o, con temperaturas de 20 grados incluso en invierno. Las condiciones climatol\u00f3gicas en esta franja de costa tropical y almeriense [&hellip;]<\/p>\n","protected":false},"author":1,"featured_media":0,"parent":0,"menu_order":0,"comment_status":"closed","ping_status":"closed","template":"page-templates\/full-width-page.php","meta":{"footnotes":""},"class_list":["post-30","page","type-page","status-publish","hentry"],"_links":{"self":[{"href":"https:\/\/alojamientosroquetasplaya.com\/index.php\/wp-json\/wp\/v2\/pages\/30","targetHints":{"allow":["GET"]}}],"collection":[{"href":"https:\/\/alojamientosroquetasplaya.com\/index.php\/wp-json\/wp\/v2\/pages"}],"about":[{"href":"https:\/\/alojamientosroquetasplaya.com\/index.php\/wp-json\/wp\/v2\/types\/page"}],"author":[{"embeddable":true,"href":"https:\/\/alojamientosroquetasplaya.com\/index.php\/wp-json\/wp\/v2\/users\/1"}],"replies":[{"embeddable":true,"href":"https:\/\/alojamientosroquetasplaya.com\/index.php\/wp-json\/wp\/v2\/comments?post=30"}],"version-history":[{"count":3,"href":"https:\/\/alojamientosroquetasplaya.com\/index.php\/wp-json\/wp\/v2\/pages\/30\/revisions"}],"predecessor-version":[{"id":213,"href":"https:\/\/alojamientosroquetasplaya.com\/index.php\/wp-json\/wp\/v2\/pages\/30\/revisions\/213"}],"wp:attachment":[{"href":"https:\/\/alojamientosroquetasplaya.com\/index.php\/wp-json\/wp\/v2\/media?parent=30"}],"curies":[{"name":"wp","href":"https:\/\/api.w.org\/{rel}","templated":true}]}}